{"id":587,"date":"2015-07-14T14:50:38","date_gmt":"2015-07-14T14:50:38","guid":{"rendered":"http:\/\/test.kriesi.at\/minimal-portfolio\/?page_id=12"},"modified":"2023-03-14T04:08:26","modified_gmt":"2023-03-14T04:08:26","slug":"autocamper","status":"publish","type":"page","link":"https:\/\/dine-wine.dk\/index.php\/autocamper\/","title":{"rendered":"Drikke"},"content":{"rendered":"<div id='full_slider_1'  class='avia-fullwidth-slider main_color avia-shadow   avia-builder-el-0  el_before_av_section  avia-builder-el-first   container_wrap fullsize' style=' '  ><div   data-size='featured_large'  data-lightbox_size='large'  data-animation='slide'  data-conditional_play=''  data-ids='1336,1329,1333,1328,1337'  data-video_counter='0'  data-autoplay='true'  data-bg_slider='false'  data-slide_height=''  data-handle='av_slideshow_full'  data-interval='5'  data-class=' '  data-el_id=''  data-css_id=''  data-scroll_down=''  data-control_layout='av-control-hidden'  data-custom_markup=''  data-perma_caption=''  data-autoplay_stopper=''  data-image_attachment=''  data-min_height='0px'  data-lazy_loading='disabled'  data-src=''  data-position='top left'  data-repeat='no-repeat'  data-attach='scroll'  data-stretch=''  data-default-height='42'  class='avia-slideshow avia-slideshow-1  av-control-hidden av-default-height-applied avia-slideshow-featured_large av_slideshow_full   avia-slide-slider '  itemprop=\"image\" itemscope=\"itemscope\" itemtype=\"https:\/\/schema.org\/ImageObject\" ><ul class='avia-slideshow-inner ' style='padding-bottom: 42%;' ><li  class=' slide-1 ' ><div data-rel='slideshow-1' class='avia-slide-wrap '   ><img decoding=\"async\" class=\"wp-image-1336 avia-img-lazy-loading-not-1336\"  src=\"https:\/\/dine-wine.dk\/wp-content\/uploads\/2023\/03\/Dine-Wine-komp-17-1500x630.jpg\" width=\"1500\" height=\"630\" title='Dine &amp; Wine - komp-17' alt=''  itemprop=\"thumbnailUrl\"   \/><\/div><\/li><li  class=' slide-2 ' ><div data-rel='slideshow-1' class='avia-slide-wrap '   ><img decoding=\"async\" class=\"wp-image-1329 avia-img-lazy-loading-not-1329\"  src=\"https:\/\/dine-wine.dk\/wp-content\/uploads\/2023\/03\/Dine-Wine-komp-10-1500x630.jpg\" width=\"1500\" height=\"630\" title='Dine &amp; Wine - komp-10' alt=''  itemprop=\"thumbnailUrl\"   \/><\/div><\/li><li  class=' slide-3 ' ><div data-rel='slideshow-1' class='avia-slide-wrap '   ><img decoding=\"async\" class=\"wp-image-1333 avia-img-lazy-loading-not-1333\"  src=\"https:\/\/dine-wine.dk\/wp-content\/uploads\/2023\/03\/Dine-Wine-komp-14-1500x630.jpg\" width=\"1500\" height=\"630\" title='Dine &amp; Wine - komp-14' alt=''  itemprop=\"thumbnailUrl\"   \/><\/div><\/li><li  class=' slide-4 ' ><div data-rel='slideshow-1' class='avia-slide-wrap '   ><img decoding=\"async\" class=\"wp-image-1328 avia-img-lazy-loading-not-1328\"  src=\"https:\/\/dine-wine.dk\/wp-content\/uploads\/2023\/03\/Dine-Wine-komp-09-1500x630.jpg\" width=\"1500\" height=\"630\" title='Dine &amp; Wine - komp-09' alt=''  itemprop=\"thumbnailUrl\"   \/><\/div><\/li><li  class=' slide-5 ' ><div data-rel='slideshow-1' class='avia-slide-wrap '   ><img decoding=\"async\" class=\"wp-image-1337 avia-img-lazy-loading-not-1337\"  src=\"https:\/\/dine-wine.dk\/wp-content\/uploads\/2023\/03\/Dine-Wine-komp-18-1500x630.jpg\" width=\"1500\" height=\"630\" title='Dine &amp; Wine - komp-18' alt=''  itemprop=\"thumbnailUrl\"   \/><\/div><\/li><\/ul><div class='avia-slideshow-arrows avia-slideshow-controls'><a href='#prev' tabindex='-1' class='prev-slide' aria-hidden='true' data-av_icon='\ue87c' data-av_iconfont='entypo-fontello'>Forrige<\/a><a href='#next' tabindex='-1' class='next-slide' aria-hidden='true' data-av_icon='\ue87d' data-av_iconfont='entypo-fontello'>N&#230;ste<\/a><\/div><div class='avia-slideshow-dots avia-slideshow-controls'><a href='#1' class='goto-slide active' >1<\/a><a href='#2' class='goto-slide ' >2<\/a><a href='#3' class='goto-slide ' >3<\/a><a href='#4' class='goto-slide ' >4<\/a><a href='#5' class='goto-slide ' >5<\/a><\/div><\/div><\/div>\n<div id='av_section_1'  class='avia-section main_color avia-section-default avia-no-border-styling  avia-bg-style-scroll  avia-builder-el-1  el_after_av_slideshow_full  avia-builder-el-last   av-arrow-down-section container_wrap fullsize' style=' '  ><div class='container' ><div class='template-page content  av-content-full alpha units'><div class='post-entry post-entry-type-page post-entry-587'><div class='entry-content-wrapper clearfix'>\n<div class=\"flex_column av_one_full  av-animated-generic bottom-to-top  flex_column_div av-zero-column-padding first  avia-builder-el-2  el_before_av_one_full  avia-builder-el-first  \" style='border-radius:0px; '><div  style='padding-bottom:20px; font-size:30px;' class='av-special-heading av-special-heading-h3  blockquote modern-quote modern-centered  avia-builder-el-3  avia-builder-el-no-sibling  av-inherit-size '><h3 class='av-special-heading-tag '  itemprop=\"headline\"  >Drikkevarer<\/h3><div class ='av-subheading av-subheading_below  ' style='font-size:15px;'><p>Vi har et bredt udvalg af \u00f8l, vand og saft<\/p>\n<\/div><div class='special-heading-border'><div class='special-heading-inner-border' ><\/div><\/div><\/div><\/div><div class=\"flex_column av_one_full  av-animated-generic pop-up  flex_column_div av-zero-column-padding first  avia-builder-el-4  el_after_av_one_full  el_before_av_one_full  column-top-margin\" style='margin-top:25px; -webkit-transform: scale(1.1); -ms-transform: scale(1.1); transform: scale(1.1); z-index: 4;border-radius:0px; '><div  class='avia-image-container avia_animated_image avia_animate_when_almost_visible fade-in av-styling- av-hover-grow   avia-builder-el-5  avia-builder-el-no-sibling  avia-align-center '  itemprop=\"image\" itemscope=\"itemscope\" itemtype=\"https:\/\/schema.org\/ImageObject\"  ><div class='avia-image-container-inner'><div class='avia-image-overlay-wrap'><img decoding=\"async\" class='wp-image-1410 avia-img-lazy-loading-not-1410 avia_image' src=\"https:\/\/dine-wine.dk\/wp-content\/uploads\/2023\/03\/Logo-uden-baggrund-80x80.png\" alt='' title='Logo, uden baggrund' height=\"80\" width=\"80\"  itemprop=\"thumbnailUrl\" srcset=\"https:\/\/dine-wine.dk\/wp-content\/uploads\/2023\/03\/Logo-uden-baggrund-80x80.png 80w, https:\/\/dine-wine.dk\/wp-content\/uploads\/2023\/03\/Logo-uden-baggrund-36x36.png 36w, https:\/\/dine-wine.dk\/wp-content\/uploads\/2023\/03\/Logo-uden-baggrund-180x180.png 180w, https:\/\/dine-wine.dk\/wp-content\/uploads\/2023\/03\/Logo-uden-baggrund-120x120.png 120w, https:\/\/dine-wine.dk\/wp-content\/uploads\/2023\/03\/Logo-uden-baggrund-450x450.png 450w, https:\/\/dine-wine.dk\/wp-content\/uploads\/2023\/03\/Logo-uden-baggrund-300x300.png 300w, https:\/\/dine-wine.dk\/wp-content\/uploads\/2023\/03\/Logo-uden-baggrund-100x100.png 100w\" sizes=\"(max-width: 80px) 100vw, 80px\" \/><\/div><\/div><\/div><\/div><div class=\"flex_column av_one_full  av-animated-generic bottom-to-top  flex_column_div av-zero-column-padding first  avia-builder-el-6  el_after_av_one_full  el_before_av_one_full  column-top-margin\" style='border-radius:0px; '><div  style='padding-bottom:20px; font-size:30px;' class='av-special-heading av-special-heading-h3  blockquote modern-quote modern-centered  avia-builder-el-7  avia-builder-el-no-sibling  av-inherit-size '><h3 class='av-special-heading-tag '  itemprop=\"headline\"  >\u00d8l<\/h3><div class='special-heading-border'><div class='special-heading-inner-border' ><\/div><\/div><\/div><\/div><div class=\"flex_column av_one_full  av-animated-generic bottom-to-top  flex_column_div av-zero-column-padding first  avia-builder-el-8  el_after_av_one_full  el_before_av_heading  column-top-margin\" style='border-radius:0px; '><div  class='av-catalogue-container   avia-builder-el-9  avia-builder-el-no-sibling '><ul class='av-catalogue-list'>\n<li><div class='av-catalogue-item'><div class='av-catalogue-item-inner'><div class='av-catalogue-title-container'><div class='av-catalogue-title'>Fiskefilet<\/div><div class='av-catalogue-price'>kr. 65,-<\/div><\/div><div class=\"av-catalogue-content\">\nPommes, citron, gr\u00f8nt, remoulade og ketchup<br \/>\n<\/div><\/div><\/div><\/li>\n<li><div class='av-catalogue-item'><div class='av-catalogue-item-inner'><div class='av-catalogue-title-container'><div class='av-catalogue-title'>R\u00f8d p\u00f8lse<\/div><div class='av-catalogue-price'>kr. 65,-<\/div><\/div><div class=\"av-catalogue-content\">\nPommes, gr\u00f8nt, remoulade og ketchup<br \/>\n<\/div><\/div><\/div><\/li>\n<li><div class='av-catalogue-item'><div class='av-catalogue-item-inner'><div class='av-catalogue-title-container'><div class='av-catalogue-title'>Spaghetti<\/div><div class='av-catalogue-price'>kr. 65,-<\/div><\/div><div class=\"av-catalogue-content\">\nK\u00f8dsovs, gr\u00f8nt og ketchup<br \/>\n<\/div><\/div><\/div><\/li>\n<li><div class='av-catalogue-item'><div class='av-catalogue-item-inner'><div class='av-catalogue-title-container'><div class='av-catalogue-title'>Kyllingebryst<\/div><div class='av-catalogue-price'>kr. 65,-<\/div><\/div><div class=\"av-catalogue-content\">\nPommes, gr\u00f8nt, remoulade og ketchup<br \/>\n<\/div><\/div><\/div><\/li>\n<li><div class='av-catalogue-item'><div class='av-catalogue-item-inner'><div class='av-catalogue-title-container'><div class='av-catalogue-title'>B\u00f8rne isdessert<\/div><div class='av-catalogue-price'>kr. 45,-<\/div><\/div><div class=\"av-catalogue-content\">\nVanilje, chokolade og jordb\u00e6ris<span class=\"Apple-converted-space\">\u00a0 <\/span><br \/>\n<\/div><\/div><\/div><\/li>\n<\/ul><\/div><\/div><div  style='padding-bottom:20px; font-size:30px;' class='av-special-heading av-special-heading-h3  blockquote modern-quote modern-centered  avia-builder-el-10  el_after_av_one_full  el_before_av_one_full  av-inherit-size '><h3 class='av-special-heading-tag '  itemprop=\"headline\"  >Vand og saft<\/h3><div class='special-heading-border'><div class='special-heading-inner-border' ><\/div><\/div><\/div>\n<div class=\"flex_column av_one_full  av-animated-generic pop-up  flex_column_div av-zero-column-padding first  avia-builder-el-11  el_after_av_heading  el_before_av_one_full  \" style='margin-top:25px; -webkit-transform: scale(1.1); -ms-transform: scale(1.1); transform: scale(1.1); z-index: 4;border-radius:0px; '><div  class='avia-image-container avia_animated_image avia_animate_when_almost_visible fade-in av-styling- av-hover-grow   avia-builder-el-12  avia-builder-el-no-sibling  avia-align-center '  itemprop=\"image\" itemscope=\"itemscope\" itemtype=\"https:\/\/schema.org\/ImageObject\"  ><div class='avia-image-container-inner'><div class='avia-image-overlay-wrap'><img decoding=\"async\" class='wp-image-1410 avia-img-lazy-loading-not-1410 avia_image' src=\"https:\/\/dine-wine.dk\/wp-content\/uploads\/2023\/03\/Logo-uden-baggrund-80x80.png\" alt='' title='Logo, uden baggrund' height=\"80\" width=\"80\"  itemprop=\"thumbnailUrl\" srcset=\"https:\/\/dine-wine.dk\/wp-content\/uploads\/2023\/03\/Logo-uden-baggrund-80x80.png 80w, https:\/\/dine-wine.dk\/wp-content\/uploads\/2023\/03\/Logo-uden-baggrund-36x36.png 36w, https:\/\/dine-wine.dk\/wp-content\/uploads\/2023\/03\/Logo-uden-baggrund-180x180.png 180w, https:\/\/dine-wine.dk\/wp-content\/uploads\/2023\/03\/Logo-uden-baggrund-120x120.png 120w, https:\/\/dine-wine.dk\/wp-content\/uploads\/2023\/03\/Logo-uden-baggrund-450x450.png 450w, https:\/\/dine-wine.dk\/wp-content\/uploads\/2023\/03\/Logo-uden-baggrund-300x300.png 300w, https:\/\/dine-wine.dk\/wp-content\/uploads\/2023\/03\/Logo-uden-baggrund-100x100.png 100w\" sizes=\"(max-width: 80px) 100vw, 80px\" \/><\/div><\/div><\/div><\/div><div class=\"flex_column av_one_full  av-animated-generic bottom-to-top  flex_column_div av-zero-column-padding first  avia-builder-el-13  el_after_av_one_full  el_before_av_one_third  column-top-margin\" style='border-radius:0px; '><div  class='av-catalogue-container   avia-builder-el-14  avia-builder-el-no-sibling '><ul class='av-catalogue-list'>\n<li><div class='av-catalogue-item'><div class='av-catalogue-item-inner'><div class='av-catalogue-title-container'><div class='av-catalogue-title'>Fiskefilet<\/div><div class='av-catalogue-price'>kr. 65,-<\/div><\/div><div class=\"av-catalogue-content\">\nPommes, citron, gr\u00f8nt, remoulade og ketchup<br \/>\n<\/div><\/div><\/div><\/li>\n<li><div class='av-catalogue-item'><div class='av-catalogue-item-inner'><div class='av-catalogue-title-container'><div class='av-catalogue-title'>R\u00f8d p\u00f8lse<\/div><div class='av-catalogue-price'>kr. 65,-<\/div><\/div><div class=\"av-catalogue-content\">\nPommes, gr\u00f8nt, remoulade og ketchup<br \/>\n<\/div><\/div><\/div><\/li>\n<li><div class='av-catalogue-item'><div class='av-catalogue-item-inner'><div class='av-catalogue-title-container'><div class='av-catalogue-title'>Spaghetti<\/div><div class='av-catalogue-price'>kr. 65,-<\/div><\/div><div class=\"av-catalogue-content\">\nK\u00f8dsovs, gr\u00f8nt og ketchup<br \/>\n<\/div><\/div><\/div><\/li>\n<li><div class='av-catalogue-item'><div class='av-catalogue-item-inner'><div class='av-catalogue-title-container'><div class='av-catalogue-title'>Kyllingebryst<\/div><div class='av-catalogue-price'>kr. 65,-<\/div><\/div><div class=\"av-catalogue-content\">\nPommes, gr\u00f8nt, remoulade og ketchup<br \/>\n<\/div><\/div><\/div><\/li>\n<li><div class='av-catalogue-item'><div class='av-catalogue-item-inner'><div class='av-catalogue-title-container'><div class='av-catalogue-title'>B\u00f8rne isdessert<\/div><div class='av-catalogue-price'>kr. 45,-<\/div><\/div><div class=\"av-catalogue-content\">\nVanilje, chokolade og jordb\u00e6ris<span class=\"Apple-converted-space\">\u00a0 <\/span><br \/>\n<\/div><\/div><\/div><\/li>\n<\/ul><\/div><\/div><div class=\"flex_column av_one_third  av-animated-generic fade-in  flex_column_div av-zero-column-padding first  avia-builder-el-15  el_after_av_one_full  el_before_av_one_third  column-top-margin\" style='margin-top:90px; margin-bottom:0px; border-radius:0px; '><article  class=\"iconbox iconbox_left    avia-builder-el-16  avia-builder-el-no-sibling  \"  itemscope=\"itemscope\" itemtype=\"https:\/\/schema.org\/CreativeWork\" ><div class=\"iconbox_content\"><header class=\"entry-content-header\"><div class=\"iconbox_icon heading-color\" aria-hidden='true' data-av_icon='\ue812' data-av_iconfont='entypo-fontello'  ><\/div><h3 class='iconbox_content_title  '  itemprop=\"headline\"  >Friske r\u00e5varer<\/h3><\/header><div class='iconbox_content_container  '  itemprop=\"text\"  ><p>Vi v\u00e6lger de r\u00e5varer der smager bedst p\u00e5 de forskellige tidspunkter af \u00e5ret.<\/p>\n<\/div><\/div><footer class=\"entry-footer\"><\/footer><\/article><\/div><div class=\"flex_column av_one_third  av-animated-generic fade-in  flex_column_div av-zero-column-padding   avia-builder-el-17  el_after_av_one_third  el_before_av_one_third  column-top-margin\" style='margin-top:90px; margin-bottom:0px; border-radius:0px; '><article  class=\"iconbox iconbox_left    avia-builder-el-18  avia-builder-el-no-sibling  \"  itemscope=\"itemscope\" itemtype=\"https:\/\/schema.org\/CreativeWork\" ><div class=\"iconbox_content\"><header class=\"entry-content-header\"><div class=\"iconbox_icon heading-color\" aria-hidden='true' data-av_icon='\ue8b1' data-av_iconfont='entypo-fontello'  ><\/div><h3 class='iconbox_content_title  '  itemprop=\"headline\"  >Nede p\u00e5 jorden<\/h3><\/header><div class='iconbox_content_container  '  itemprop=\"text\"  ><p>Vores retter sammens\u00e6ttes kreativt med respekt for gamle traditioner og med den gode smag i centrum<\/p>\n<\/div><\/div><footer class=\"entry-footer\"><\/footer><\/article><\/div><div class=\"flex_column av_one_third  av-animated-generic fade-in  flex_column_div av-zero-column-padding   avia-builder-el-19  el_after_av_one_third  el_before_av_one_fifth  column-top-margin\" style='margin-top:90px; margin-bottom:0px; border-radius:0px; '><article  class=\"iconbox iconbox_left    avia-builder-el-20  avia-builder-el-no-sibling  \"  itemscope=\"itemscope\" itemtype=\"https:\/\/schema.org\/CreativeWork\" ><div class=\"iconbox_content\"><header class=\"entry-content-header\"><div class=\"iconbox_icon heading-color\" aria-hidden='true' data-av_icon='\ue80b' data-av_iconfont='entypo-fontello'  ><\/div><h3 class='iconbox_content_title  '  itemprop=\"headline\"  >Venligt personale<\/h3><\/header><div class='iconbox_content_container  '  itemprop=\"text\"  ><p>Vi mener at et smil p\u00e5 l\u00e6ben giver en bedre oplevelse.<\/p>\n<\/div><\/div><footer class=\"entry-footer\"><\/footer><\/article><\/div><div class=\"flex_column av_one_fifth  av-animated-generic fade-in  flex_column_div av-zero-column-padding first  avia-builder-el-21  el_after_av_one_third  el_before_av_three_fifth  column-top-margin\" style='margin-top:90px; margin-bottom:0px; border-radius:0px; '><\/div><div class=\"flex_column av_three_fifth  av-animated-generic fade-in  flex_column_div av-zero-column-padding   avia-builder-el-22  el_after_av_one_fifth  el_before_av_one_fifth  column-top-margin\" style='margin-top:90px; margin-bottom:0px; border-radius:0px; '><form action=\"https:\/\/dine-wine.dk\/index.php\/autocamper\/\" method=\"post\"  class=\"avia_ajax_form av-form-labels-hidden   avia-builder-el-23  avia-builder-el-no-sibling  av-centered-form   \" data-avia-form-id=\"1\" data-avia-redirect='' ><h1 class=''>Bestil bord<\/h1><fieldset><p class='  first_form  form_element form_fullwidth' id='element_avia_1_1'><label for=\"avia_1_1\">Navn <abbr class=\"required\" title=\"required\">*<\/abbr><\/label> <input name=\"avia_1_1\" class=\"text_input is_empty\" type=\"text\" id=\"avia_1_1\" value=\"\"  placeholder='Navn*'\/><\/p><p class='  first_form  form_element form_element_half' id='element_avia_2_1'><label for=\"avia_2_1\">E-Mail <abbr class=\"required\" title=\"required\">*<\/abbr><\/label> <input name=\"avia_2_1\" class=\"text_input is_email\" type=\"text\" id=\"avia_2_1\" value=\"\"  placeholder='E-Mail*'\/><\/p><p class='  form_element form_element_half' id='element_avia_3_1'><label for=\"avia_3_1\">Telefonnummer <abbr class=\"required\" title=\"required\">*<\/abbr><\/label> <input name=\"avia_3_1\" class=\"text_input is_phone\" type=\"text\" id=\"avia_3_1\" value=\"\"  placeholder='Telefonnummer*'\/><\/p><p class=' first_form  form_element form_element_half' id='element_avia_4_1'><label for=\"avia_4_1\">Dato <abbr class=\"required\" title=\"required\">*<\/abbr><\/label> <input name=\"avia_4_1\" class=\"avia_datepicker text_input is_empty\" type=\"text\" id=\"avia_4_1\" value=\"\" placeholder=\"Dato*\" \/><\/p><p class='  form_element form_element_half' id='element_avia_5_1'><label for=\"avia_5_1\">Tidspunkt <abbr class=\"required\" title=\"required\">*<\/abbr><\/label> <input name=\"avia_5_1\" class=\"text_input is_empty\" type=\"text\" id=\"avia_5_1\" value=\"\"  placeholder='Tidspunkt*'\/><\/p><p class='  first_form  form_element form_fullwidth' id='element_avia_6_1'><label for=\"avia_6_1\">Antal personer <abbr class=\"required\" title=\"required\">*<\/abbr><\/label> <input name=\"avia_6_1\" class=\"text_input is_empty\" type=\"text\" id=\"avia_6_1\" value=\"\"  placeholder='Antal personer*'\/><\/p><p class='  first_form  form_element form_fullwidth av-last-visible-form-element' id='element_avia_7_1'><label for=\"avia_7_1\" class=\"textare_label hidden textare_label_avia_7_1\">Specielle \u00f8nsker<\/label><textarea  placeholder='Specielle \u00f8nsker' name=\"avia_7_1\" class=\"text_area \" cols=\"40\" rows=\"7\" id=\"avia_7_1\" ><\/textarea><\/p><p class=\"hidden\"><input type=\"text\" name=\"avia_8_1\" class=\"hidden \" id=\"avia_8_1\" value=\"\" \/><\/p><p class=\"form_element \"><input type=\"hidden\" value=\"1\" name=\"avia_generated_form1\" \/><input type=\"submit\" value=\"Send\" class=\"button\"  data-sending-label=\"Sending\"\/><\/p><\/fieldset><\/form><div id=\"ajaxresponse_1\" class=\"ajaxresponse ajaxresponse_1 hidden\"><\/div><\/div><div class=\"flex_column av_one_fifth  av-animated-generic fade-in  flex_column_div av-zero-column-padding   avia-builder-el-24  el_after_av_three_fifth  avia-builder-el-last  column-top-margin\" style='margin-top:90px; margin-bottom:0px; border-radius:0px; '><\/div>\n","protected":false},"excerpt":{"rendered":"","protected":false},"author":1,"featured_media":0,"parent":0,"menu_order":0,"comment_status":"open","ping_status":"closed","template":"","meta":{"footnotes":""},"class_list":["post-587","page","type-page","status-publish","hentry"],"_links":{"self":[{"href":"https:\/\/dine-wine.dk\/index.php\/wp-json\/wp\/v2\/pages\/587","targetHints":{"allow":["GET"]}}],"collection":[{"href":"https:\/\/dine-wine.dk\/index.php\/wp-json\/wp\/v2\/pages"}],"about":[{"href":"https:\/\/dine-wine.dk\/index.php\/wp-json\/wp\/v2\/types\/page"}],"author":[{"embeddable":true,"href":"https:\/\/dine-wine.dk\/index.php\/wp-json\/wp\/v2\/users\/1"}],"replies":[{"embeddable":true,"href":"https:\/\/dine-wine.dk\/index.php\/wp-json\/wp\/v2\/comments?post=587"}],"version-history":[{"count":52,"href":"https:\/\/dine-wine.dk\/index.php\/wp-json\/wp\/v2\/pages\/587\/revisions"}],"predecessor-version":[{"id":1506,"href":"https:\/\/dine-wine.dk\/index.php\/wp-json\/wp\/v2\/pages\/587\/revisions\/1506"}],"wp:attachment":[{"href":"https:\/\/dine-wine.dk\/index.php\/wp-json\/wp\/v2\/media?parent=587"}],"curies":[{"name":"wp","href":"https:\/\/api.w.org\/{rel}","templated":true}]}}